{"id":5335,"date":"2017-05-10T16:45:19","date_gmt":"2017-05-10T14:45:19","guid":{"rendered":"http:\/\/sintoniehifi.it\/home\/"},"modified":"2024-10-30T19:01:00","modified_gmt":"2024-10-30T18:01:00","slug":"home","status":"publish","type":"page","link":"https:\/\/sintoniehifi.it\/en\/","title":{"rendered":"Home"},"content":{"rendered":"<p>[vc_row type=&#8221;full_width_section&#8221; top_padding=&#8221;5&#8243; bottom_padding=&#8221;20&#8243;][vc_column width=&#8221;1\/1&#8243;]<div class=\"single_image wpb_content_element align-center   image_zoom \" data-animation=\"none\" data-delay=\"0\"><img loading=\"lazy\" decoding=\"async\" width=\"2559\" height=\"933\" src=\"https:\/\/sintoniehifi.it\/wp-content\/uploads\/2024\/09\/sintonie-banner-1.png\" class=\"attachment-full\" alt=\"\" title=\"sintonie-banner\" srcset=\"https:\/\/sintoniehifi.it\/wp-content\/uploads\/2024\/09\/sintonie-banner-1.png 2559w, https:\/\/sintoniehifi.it\/wp-content\/uploads\/2024\/09\/sintonie-banner-1-300x109.png 300w, https:\/\/sintoniehifi.it\/wp-content\/uploads\/2024\/09\/sintonie-banner-1-1024x373.png 1024w, https:\/\/sintoniehifi.it\/wp-content\/uploads\/2024\/09\/sintonie-banner-1-768x280.png 768w, https:\/\/sintoniehifi.it\/wp-content\/uploads\/2024\/09\/sintonie-banner-1-1536x560.png 1536w, https:\/\/sintoniehifi.it\/wp-content\/uploads\/2024\/09\/sintonie-banner-1-2048x747.png 2048w\" sizes=\"auto, (max-width: 2559px) 100vw, 2559px\" \/><\/div>[\/vc_column][\/vc_row][vc_row type=&#8221;full_width_section&#8221; bg_color=&#8221;#ffffff&#8221; section_arrow=&#8221;false&#8221; class=&#8221;hidden&#8221;][vc_column width=&#8221;1\/1&#8243;][vc_column_text][rev_slider slidertitle=&#8221;slider_home&#8221; alias=&#8221;slider-1&#8243;][\/vc_column_text][\/vc_column][\/vc_row][vc_row type=&#8221;full_width_section&#8221;][vc_column width=&#8221;1\/2&#8243;][vc_video link=&#8221;https:\/\/youtu.be\/_fREdi6TL-I&#8221; el_aspect=&#8221;43&#8243; css_animation=&#8221;bounceInLeft&#8221; css=&#8221;.vc_custom_1677147553251{padding-right: 3px !important;padding-left: 3px !important;}&#8221;][\/vc_column][vc_column animation=&#8221;fade-in-from-right&#8221; column_padding=&#8221;padding-1&#8243; text_align=&#8221;center&#8221; width=&#8221;1\/2&#8243;][vc_column_text css_animation=&#8221;none&#8221;]<\/p>\n<h2 style=\"text-align: center;\"><span style=\"color: #203a80;\"><strong>Sintonie | Audio Video Expo<\/strong><\/span><\/h2>\n<p>[\/vc_column_text][vc_column_text]<\/p>\n<h3 style=\"text-align: center;\">SINTONE, the event dedicated to the world of HIGH-END and HI-FI, now in its 24th edition, becomes <strong>SINTONIE AUDIO VIDEO EXPO<\/strong>.<\/h3>\n<h3><\/h3>\n<p>&nbsp;<\/p>\n<h3 style=\"text-align: center;\">Sintonie brand was in fact acquired by Italian Exhibition Group SpA a leader<br \/>\nin the organisation of national and international events and conferences.<\/h3>\n<h3><\/h3>\n<p>&nbsp;<\/p>\n<h3 style=\"text-align: center;\">The new format of the event will open doors to new markets for high-quality home entertainment.<\/h3>\n<p>[\/vc_column_text]<a href=\"http:\/\/sintoniehifi.it\/en\/presentation\/\" target=\"_self\" class=\"button button-appear custom medium hidden\" style=\"background-color: #203a80; border-color: #203a80;border-radius: 2px;\"><span>Complete presentation<\/span><\/a>[vc_empty_space el_class=&#8221;hidden&#8221;]<a href=\"http:\/\/sintoniehifi.it\/en\/exhibitor-list\/\" target=\"_self\" class=\"button button-appear custom medium hidden\" style=\"background-color: #203a80; border-color: #203a80;border-radius: 2px;\"><span>Exhibitor List<\/span><\/a>[\/vc_column][\/vc_row][vc_row type=&#8221;full_width_section&#8221; class=&#8221;hidden&#8221;][vc_column column_padding=&#8221;padding-3&#8243; width=&#8221;1\/2&#8243;][vc_column_text css_animation=&#8221;none&#8221;]<\/p>\n<h2><strong>Ci vuole orecchio<br \/>\nVuoi allenare il tuo orecchio musicale?<br \/>\nNon \u00e8 un superpotere.<\/strong><\/h2>\n<h3><strong>Una lezione musicale inedita non pu\u00f2 non avere un Professore d\u2019eccezione. Sintonie 2019 ha scelto uno dei pi\u00f9 grandi cantautori di sempre, un artista che incrocia musica, parole e poesia.<\/strong> Sintonie 2019 \u00e8 orgogliosa di annunciare la lezione musicale di Roberto Vecchioni che si terr\u00e0 sabato 26 ottobre alle ore 17. Il Professor Vecchioni, accompagnato dal Maestro Germini, incontrer\u00e0 giovani musicisti ed appassionati di musica e terr\u00e0 loro una lezione musicale inedita.<\/h3>\n<h3><em>\u201cChe questa maledetta notte dovr\u00e0 pur finire, perch\u00e9 la riempiremo noi da qui di musica e parole\u201d<\/em><\/h3>\n<p>[\/vc_column_text]<a href=\"http:\/\/sintoniehifi.it\/eventi\" target=\"_self\" class=\"button custom medium \" style=\"background-color: #a3163d; border-color: #a3163d;border-radius: 2px;\">Iscriviti alla lezione!<\/a>[\/vc_column][vc_column column_padding=&#8221;custom-padding&#8221; width=&#8221;1\/2&#8243;]<div class=\"single_image wpb_content_element align-right    \" data-animation=\"none\" data-delay=\"0\"><img loading=\"lazy\" decoding=\"async\" class=\"\" src=\"https:\/\/sintoniehifi.it\/wp-content\/uploads\/2019\/10\/vecchioni.jpg\" width=\"1500\" height=\"878\" alt=\"vecchioni\" title=\"vecchioni\" \/><\/div>[\/vc_column][\/vc_row][vc_row type=&#8221;full_width_section&#8221; class=&#8221;hidden&#8221;][vc_column width=&#8221;1\/2&#8243;]<div class=\"single_image wpb_content_element align-left    \" data-animation=\"none\" data-delay=\"0\"><img loading=\"lazy\" decoding=\"async\" class=\"\" src=\"https:\/\/sintoniehifi.it\/wp-content\/uploads\/2019\/05\/home2-1500x1002.jpg\" width=\"1500\" height=\"1002\" alt=\"home2\" title=\"home2\" \/><\/div>[\/vc_column][vc_column column_padding=&#8221;padding-4&#8243; width=&#8221;1\/2&#8243;][vc_column_text]<\/p>\n<h2><strong><span style=\"color: #a3163d;\">Le novit\u00e0 dell&#8217;edizione 2019<br \/>\n<\/span><\/strong><\/h2>\n<h3>La collaborazione con <strong>Audio Video Show di Bologna<\/strong>: saranno, quindi, presentate le anteprime dei prodotti pi\u00f9 attesi sul mercato dell\u2019audio\/video. Un viaggio esclusivo nell\u2019era della multimedialit\u00e0 per toccare e vedere da vicino: videoproiezioni, multicanali, tv, ledwall, oled, aziende di integrazione e domotica.<\/h3>\n<h3>La presenza di aziende di e-games che potranno mostrare ai visitatori le ultime novit\u00e0 del settore. L\u2019invito ufficiale ai rappresentati di Federesports (Federazione Italiana E-Sports).<\/h3>\n<h3>Gli <strong>E-Sports<\/strong>, infatti, sono stati disciplina dimostrativa ai Giochi Asiatici di Singapore nel 2018 e dal 2022 a Hangzhou, in Cina, saranno a tutti gli effetti inseriti nel medagliere ufficiale.<br \/>\nI videogiochi sono stati riconosciuti come vera disciplina sportiva.<\/h3>\n<p>[\/vc_column_text][\/vc_column][\/vc_row][vc_row type=&#8221;full_width_section&#8221; top_padding=&#8221;0&#8243; bottom_padding=&#8221;0&#8243; class=&#8221;hidden&#8221;][vc_column column_padding=&#8221;padding-3&#8243; column_center=&#8221;true&#8221; width=&#8221;1\/2&#8243;][vc_column_text css_animation=&#8221;none&#8221;]<\/p>\n<h2><strong><span style=\"color: #a3163d;\">L\u2019alta fedelt\u00e0 entra anche in auto.<br \/>\n<\/span><\/strong><\/h2>\n<h3>Per alcuni l\u2019automobile \u00e8 rimasto l\u2019unico luogo dove poter ascoltare buona musica.<\/h3>\n<h3><strong>Mosconi&amp;Gladen<\/strong>, azienda Italiana leader del mercato del Car Audio, sar\u00e0 presente alla 22\u00b0 edizione di Sintonie High-end, nella sala del Tempio, con l\u2019obiettivo di sensibilizzare l\u2019opinione pubblica sull\u2019alta fedelt\u00e0 che pu\u00f2 essere ricreata anche in un ambiente particolare, come quello della propria auto.<\/h3>\n<h3><strong>Venerd\u00ec 25 ottobre<\/strong><br \/>\nCorso di formazione ed utilizzo, per gli operatori del settore, delle nuove tecnologie DSPed AURES: primo e unico sistema di misurazione in auto ad utilizzare sensori binaurali posti all\u2019interno dei condotti uditivi.<\/h3>\n<h3><strong>Sabato 26 e Domenica 27<\/strong><br \/>\nEsposizione di automobili nelle quali sono installati i prodotti MOSCONI e GLADEN per dimostrare e far ascoltare a tutto il pubblico presente il miglioramento acustico nel rispetto delle funzionalit\u00e0 proprie della vettura.<\/h3>\n<p>[\/vc_column_text][\/vc_column][vc_column column_padding=&#8221;custom-padding&#8221; width=&#8221;1\/2&#8243;]<div class=\"single_image wpb_content_element align-right    \" data-animation=\"none\" data-delay=\"0\"><img loading=\"lazy\" decoding=\"async\" class=\"\" src=\"https:\/\/sintoniehifi.it\/wp-content\/uploads\/2019\/06\/alta-fedelta-auto-1500x878.jpg\" width=\"1500\" height=\"878\" alt=\"alta fedelta auto\" title=\"alta fedelta auto\" \/><\/div>[\/vc_column][\/vc_row][vc_row type=&#8221;full_width_section&#8221; class=&#8221;hidden&#8221;][vc_column width=&#8221;1\/2&#8243;]<div class=\"single_image wpb_content_element align-left    \" data-animation=\"none\" data-delay=\"0\"><img decoding=\"async\" class=\"\" src=\"\" width=\"\" height=\"\" alt=\"perch\u00e8 esporre\" title=\"perch\u00e8 esporre\" \/><\/div>[\/vc_column][vc_column column_padding=&#8221;padding-4&#8243; width=&#8221;1\/2&#8243;][vc_column_text]<\/p>\n<h2><strong><span style=\"color: #a3163d;\">Arriva la Silent Disco!<br \/>\nDivertiti nel suono del silenzio.<br \/>\n<\/span><\/strong><\/h2>\n<h3>Domenica 27 ottobre dalle ore 17.00 alle 19.00<br \/>\nLa hall del Palacongressi di Rimini si trasforma nella pi\u00f9 grande discoteca silenziosa d\u2019Italia.<\/h3>\n<p>[\/vc_column_text][\/vc_column][\/vc_row][vc_row text_align=&#8221;center&#8221; top_padding=&#8221;30&#8243;][vc_column width=&#8221;1\/1&#8243;]<a href=\"http:\/\/sintoniehifi.it\/en\/organise-your-visit\/\" target=\"_self\" class=\"button button-appear custom medium \" style=\"background-color: #203a80; border-color: #203a80;border-radius: 2px;\"><span>Opening Time<\/span><\/a><a href=\"http:\/\/sintoniehifi.it\/en\/presentation\/\" target=\"_self\" class=\"button button-appear custom medium \" style=\"background-color: #203a80; border-color: #203a80;border-radius: 2px;\"><span>Complete presentation<\/span><\/a><a href=\"http:\/\/sintoniehifi.it\/en\/exhibitor-list\/\" target=\"_self\" class=\"button button-appear custom medium \" style=\"background-color: #203a80; border-color: #203a80;border-radius: 2px;\"><span>Exhibitor List 2023<\/span><\/a>[vc_separator style=&#8221;shadow&#8221; border_width=&#8221;4&#8243;][vc_row_inner el_class=&#8221;hidden&#8221;][vc_column_inner offset=&#8221;vc_col-lg-offset-0 vc_col-md-offset-0&#8243;][vc_single_image image=&#8221;5304&#8243; img_size=&#8221;full&#8221; alignment=&#8221;center&#8221; onclick=&#8221;custom_link&#8221; css=&#8221;.vc_custom_1677147742346{padding-top: 10px !important;padding-bottom: 10px !important;}&#8221; link=&#8221;http:\/\/sintoniehifi.it\/contatti\/&#8221;][\/vc_column_inner][\/vc_row_inner][\/vc_column][\/vc_row][vc_row type=&#8221;full_width_section&#8221; top_padding=&#8221;10&#8243; class=&#8221;vc_hidden-sm vc_hidden-xs vc_hidden-md&#8221;][vc_column width=&#8221;1\/2&#8243;][vc_single_image image=&#8221;5304&#8243; img_size=&#8221;full&#8221; alignment=&#8221;right&#8221; onclick=&#8221;custom_link&#8221; css=&#8221;.vc_custom_1681226294594{padding-top: 10px !important;padding-bottom: 10px !important;}&#8221; link=&#8221;http:\/\/sintoniehifi.it\/en\/request-information\/&#8221;][\/vc_column][vc_column width=&#8221;1\/2&#8243;][vc_single_image image=&#8221;5334&#8243; img_size=&#8221;full&#8221; css=&#8221;.vc_custom_1677860658065{padding-top: 10px !important;padding-bottom: px !important;padding-left: 20px !important;}&#8221; el_class=&#8221;popmake-4401&#8243;][\/vc_column][\/vc_row][vc_row type=&#8221;full_width_section&#8221; top_padding=&#8221;10&#8243; class=&#8221;vc_hidden-lg&#8221;][vc_column width=&#8221;1\/2&#8243;][vc_single_image image=&#8221;5304&#8243; img_size=&#8221;full&#8221; alignment=&#8221;right&#8221; onclick=&#8221;custom_link&#8221; css=&#8221;.vc_custom_1681226307958{padding-top: 10px !important;padding-bottom: 10px !important;}&#8221; link=&#8221;http:\/\/sintoniehifi.it\/en\/request-information\/&#8221;][\/vc_column][vc_column width=&#8221;1\/2&#8243;][vc_single_image image=&#8221;5334&#8243; img_size=&#8221;full&#8221; css=&#8221;.vc_custom_1677861218505{padding-top: 10px !important;padding-bottom: px !important;}&#8221; el_class=&#8221;popmake-4401&#8243;][\/vc_column][\/vc_row][vc_row][vc_column width=&#8221;1\/1&#8243;][vc_separator style=&#8221;shadow&#8221; border_width=&#8221;4&#8243; css=&#8221;.vc_custom_1676737783605{padding-bottom: 30px !important;}&#8221;][\/vc_column][\/vc_row]<\/p>\n","protected":false},"excerpt":{"rendered":"<p>[vc_row type=&#8221;full_width_section&#8221; top_padding=&#8221;5&#8243; bottom_padding=&#8221;20&#8243;][vc_column width=&#8221;1\/1&#8243;][\/vc_column][\/vc_row][vc_row type=&#8221;full_width_section&#8221; bg_color=&#8221;#ffffff&#8221; section_arrow=&#8221;false&#8221; class=&#8221;hidden&#8221;][vc_column width=&#8221;1\/1&#8243;][vc_column_text][rev_slider slidertitle=&#8221;slider_home&#8221; alias=&#8221;slider-1&#8243;][\/vc_column_text][\/vc_column][\/vc_row][vc_row type=&#8221;full_width_section&#8221;][vc_column width=&#8221;1\/2&#8243;][vc_video link=&#8221;https:\/\/youtu.be\/_fREdi6TL-I&#8221; el_aspect=&#8221;43&#8243; css_animation=&#8221;bounceInLeft&#8221; css=&#8221;.vc_custom_1677147553251{padding-right: 3px !important;padding-left: 3px !important;}&#8221;][\/vc_column][vc_column animation=&#8221;fade-in-from-right&#8221; column_padding=&#8221;padding-1&#8243; text_align=&#8221;center&#8221; width=&#8221;1\/2&#8243;][vc_column_text css_animation=&#8221;none&#8221;] Sintonie | Audio Video Expo [\/vc_column_text][vc_column_text] SINTONE, the event dedicated to the world of HIGH-END and HI-FI, now in its 24th edition, becomes SINTONIE AUDIO VIDEO EXPO. &nbsp; Sintonie brand was in fact acquired by Italian Exhibition Group SpA a leader in the organisation of national and international events and conferences. &nbsp; The new format of the event will open doors to new markets for high-quality home entertainment. [\/vc_column_text][vc_empty_space el_class=&#8221;hidden&#8221;][\/vc_column][\/vc_row][vc_row type=&#8221;full_width_section&#8221; class=&#8221;hidden&#8221;][vc_column column_padding=&#8221;padding-3&#8243; width=&#8221;1\/2&#8243;][vc_column_text css_animation=&#8221;none&#8221;] Ci vuole orecchio Vuoi allenare il tuo orecchio musicale? Non \u00e8 un superpotere. Una lezione musicale inedita non pu\u00f2 non avere un Professore d\u2019eccezione. Sintonie 2019 ha scelto uno dei pi\u00f9 grandi cantautori di sempre, un artista che incrocia musica, parole e poesia. Sintonie 2019 \u00e8 orgogliosa di annunciare la lezione musicale di Roberto Vecchioni che si terr\u00e0 sabato 26 ottobre alle ore 17. Il Professor Vecchioni, accompagnato dal Maestro Germini, incontrer\u00e0 giovani musicisti ed appassionati di musica e terr\u00e0 loro una lezione musicale inedita. \u201cChe questa maledetta notte dovr\u00e0 pur finire, perch\u00e9 la riempiremo noi da qui [&hellip;]<\/p>\n","protected":false},"author":4,"featured_media":0,"parent":0,"menu_order":0,"comment_status":"closed","ping_status":"closed","template":"","meta":{"footnotes":""},"class_list":["post-5335","page","type-page","status-publish","hentry"],"yoast_head":"<!-- This site is optimized with the Yoast SEO plugin v23.9 - https:\/\/yoast.com\/wordpress\/plugins\/seo\/ -->\n<title>Home - Sintonie Audio Video Expo<\/title>\n<meta name=\"robots\" content=\"index, follow, max-snippet:-1, max-image-preview:large, max-video-preview:-1\" \/>\n<link rel=\"canonical\" href=\"https:\/\/sintoniehifi.it\/en\/\" \/>\n<meta property=\"og:locale\" content=\"en_US\" \/>\n<meta property=\"og:type\" content=\"article\" \/>\n<meta property=\"og:title\" content=\"Home - Sintonie Audio Video Expo\" \/>\n<meta property=\"og:description\" content=\"[vc_row type=&#8221;full_width_section&#8221; top_padding=&#8221;5&#8243; bottom_padding=&#8221;20&#8243;][vc_column width=&#8221;1\/1&#8243;][\/vc_column][\/vc_row][vc_row type=&#8221;full_width_section&#8221; bg_color=&#8221;#ffffff&#8221; section_arrow=&#8221;false&#8221; class=&#8221;hidden&#8221;][vc_column width=&#8221;1\/1&#8243;][vc_column_text][rev_slider slidertitle=&#8221;slider_home&#8221; alias=&#8221;slider-1&#8243;][\/vc_column_text][\/vc_column][\/vc_row][vc_row type=&#8221;full_width_section&#8221;][vc_column width=&#8221;1\/2&#8243;][vc_video link=&#8221;https:\/\/youtu.be\/_fREdi6TL-I&#8221; el_aspect=&#8221;43&#8243; css_animation=&#8221;bounceInLeft&#8221; css=&#8221;.vc_custom_1677147553251{padding-right: 3px !important;padding-left: 3px !important;}&#8221;][\/vc_column][vc_column animation=&#8221;fade-in-from-right&#8221; column_padding=&#8221;padding-1&#8243; text_align=&#8221;center&#8221; width=&#8221;1\/2&#8243;][vc_column_text css_animation=&#8221;none&#8221;] Sintonie | Audio Video Expo [\/vc_column_text][vc_column_text] SINTONE, the event dedicated to the world of HIGH-END and HI-FI, now in its 24th edition, becomes SINTONIE AUDIO VIDEO EXPO. &nbsp; Sintonie brand was in fact acquired by Italian Exhibition Group SpA a leader in the organisation of national and international events and conferences. &nbsp; The new format of the event will open doors to new markets for high-quality home entertainment. [\/vc_column_text][vc_empty_space el_class=&#8221;hidden&#8221;][\/vc_column][\/vc_row][vc_row type=&#8221;full_width_section&#8221; class=&#8221;hidden&#8221;][vc_column column_padding=&#8221;padding-3&#8243; width=&#8221;1\/2&#8243;][vc_column_text css_animation=&#8221;none&#8221;] Ci vuole orecchio Vuoi allenare il tuo orecchio musicale? Non \u00e8 un superpotere. Una lezione musicale inedita non pu\u00f2 non avere un Professore d\u2019eccezione. Sintonie 2019 ha scelto uno dei pi\u00f9 grandi cantautori di sempre, un artista che incrocia musica, parole e poesia. Sintonie 2019 \u00e8 orgogliosa di annunciare la lezione musicale di Roberto Vecchioni che si terr\u00e0 sabato 26 ottobre alle ore 17. Il Professor Vecchioni, accompagnato dal Maestro Germini, incontrer\u00e0 giovani musicisti ed appassionati di musica e terr\u00e0 loro una lezione musicale inedita. \u201cChe questa maledetta notte dovr\u00e0 pur finire, perch\u00e9 la riempiremo noi da qui [&hellip;]\" \/>\n<meta property=\"og:url\" content=\"https:\/\/sintoniehifi.it\/en\/\" \/>\n<meta property=\"og:site_name\" content=\"Sintonie Audio Video Expo\" \/>\n<meta property=\"article:publisher\" content=\"https:\/\/www.facebook.com\/SintonieHiEndVideoExhibition\/\" \/>\n<meta property=\"article:modified_time\" content=\"2024-10-30T18:01:00+00:00\" \/>\n<meta name=\"twitter:card\" content=\"summary_large_image\" \/>\n<meta name=\"twitter:site\" content=\"@SintonieHiFi\" \/>\n<meta name=\"twitter:label1\" content=\"Est. reading time\" \/>\n\t<meta name=\"twitter:data1\" content=\"6 minutes\" \/>\n<script type=\"application\/ld+json\" class=\"yoast-schema-graph\">{\"@context\":\"https:\/\/schema.org\",\"@graph\":[{\"@type\":\"WebPage\",\"@id\":\"https:\/\/sintoniehifi.it\/en\/\",\"url\":\"https:\/\/sintoniehifi.it\/en\/\",\"name\":\"Home - Sintonie Audio Video Expo\",\"isPartOf\":{\"@id\":\"https:\/\/sintoniehifi.it\/en\/#website\"},\"datePublished\":\"2017-05-10T14:45:19+00:00\",\"dateModified\":\"2024-10-30T18:01:00+00:00\",\"breadcrumb\":{\"@id\":\"https:\/\/sintoniehifi.it\/en\/#breadcrumb\"},\"inLanguage\":\"en-US\",\"potentialAction\":[{\"@type\":\"ReadAction\",\"target\":[\"https:\/\/sintoniehifi.it\/en\/\"]}]},{\"@type\":\"BreadcrumbList\",\"@id\":\"https:\/\/sintoniehifi.it\/en\/#breadcrumb\",\"itemListElement\":[{\"@type\":\"ListItem\",\"position\":1,\"name\":\"Home\",\"item\":\"https:\/\/sintoniehifi.it\/en\/\"},{\"@type\":\"ListItem\",\"position\":2,\"name\":\"Home\"}]},{\"@type\":\"WebSite\",\"@id\":\"https:\/\/sintoniehifi.it\/en\/#website\",\"url\":\"https:\/\/sintoniehifi.it\/en\/\",\"name\":\"Sintonie Audio Video Expo\",\"description\":\"\",\"publisher\":{\"@id\":\"https:\/\/sintoniehifi.it\/en\/#organization\"},\"potentialAction\":[{\"@type\":\"SearchAction\",\"target\":{\"@type\":\"EntryPoint\",\"urlTemplate\":\"https:\/\/sintoniehifi.it\/en\/?s={search_term_string}\"},\"query-input\":{\"@type\":\"PropertyValueSpecification\",\"valueRequired\":true,\"valueName\":\"search_term_string\"}}],\"inLanguage\":\"en-US\"},{\"@type\":\"Organization\",\"@id\":\"https:\/\/sintoniehifi.it\/en\/#organization\",\"name\":\"Sintonie Audio Video Expo\",\"url\":\"https:\/\/sintoniehifi.it\/en\/\",\"logo\":{\"@type\":\"ImageObject\",\"inLanguage\":\"en-US\",\"@id\":\"https:\/\/sintoniehifi.it\/en\/#\/schema\/logo\/image\/\",\"url\":\"http:\/\/sintoniehifi.it\/wp-content\/uploads\/2023\/01\/logo.png\",\"contentUrl\":\"http:\/\/sintoniehifi.it\/wp-content\/uploads\/2023\/01\/logo.png\",\"width\":88,\"height\":127,\"caption\":\"Sintonie Audio Video Expo\"},\"image\":{\"@id\":\"https:\/\/sintoniehifi.it\/en\/#\/schema\/logo\/image\/\"},\"sameAs\":[\"https:\/\/www.facebook.com\/SintonieHiEndVideoExhibition\/\",\"https:\/\/x.com\/SintonieHiFi\"]}]}<\/script>\n<!-- \/ Yoast SEO plugin. -->","yoast_head_json":{"title":"Home - Sintonie Audio Video Expo","robots":{"index":"index","follow":"follow","max-snippet":"max-snippet:-1","max-image-preview":"max-image-preview:large","max-video-preview":"max-video-preview:-1"},"canonical":"https:\/\/sintoniehifi.it\/en\/","og_locale":"en_US","og_type":"article","og_title":"Home - Sintonie Audio Video Expo","og_description":"[vc_row type=&#8221;full_width_section&#8221; top_padding=&#8221;5&#8243; bottom_padding=&#8221;20&#8243;][vc_column width=&#8221;1\/1&#8243;][\/vc_column][\/vc_row][vc_row type=&#8221;full_width_section&#8221; bg_color=&#8221;#ffffff&#8221; section_arrow=&#8221;false&#8221; class=&#8221;hidden&#8221;][vc_column width=&#8221;1\/1&#8243;][vc_column_text][rev_slider slidertitle=&#8221;slider_home&#8221; alias=&#8221;slider-1&#8243;][\/vc_column_text][\/vc_column][\/vc_row][vc_row type=&#8221;full_width_section&#8221;][vc_column width=&#8221;1\/2&#8243;][vc_video link=&#8221;https:\/\/youtu.be\/_fREdi6TL-I&#8221; el_aspect=&#8221;43&#8243; css_animation=&#8221;bounceInLeft&#8221; css=&#8221;.vc_custom_1677147553251{padding-right: 3px !important;padding-left: 3px !important;}&#8221;][\/vc_column][vc_column animation=&#8221;fade-in-from-right&#8221; column_padding=&#8221;padding-1&#8243; text_align=&#8221;center&#8221; width=&#8221;1\/2&#8243;][vc_column_text css_animation=&#8221;none&#8221;] Sintonie | Audio Video Expo [\/vc_column_text][vc_column_text] SINTONE, the event dedicated to the world of HIGH-END and HI-FI, now in its 24th edition, becomes SINTONIE AUDIO VIDEO EXPO. &nbsp; Sintonie brand was in fact acquired by Italian Exhibition Group SpA a leader in the organisation of national and international events and conferences. &nbsp; The new format of the event will open doors to new markets for high-quality home entertainment. [\/vc_column_text][vc_empty_space el_class=&#8221;hidden&#8221;][\/vc_column][\/vc_row][vc_row type=&#8221;full_width_section&#8221; class=&#8221;hidden&#8221;][vc_column column_padding=&#8221;padding-3&#8243; width=&#8221;1\/2&#8243;][vc_column_text css_animation=&#8221;none&#8221;] Ci vuole orecchio Vuoi allenare il tuo orecchio musicale? Non \u00e8 un superpotere. Una lezione musicale inedita non pu\u00f2 non avere un Professore d\u2019eccezione. Sintonie 2019 ha scelto uno dei pi\u00f9 grandi cantautori di sempre, un artista che incrocia musica, parole e poesia. Sintonie 2019 \u00e8 orgogliosa di annunciare la lezione musicale di Roberto Vecchioni che si terr\u00e0 sabato 26 ottobre alle ore 17. Il Professor Vecchioni, accompagnato dal Maestro Germini, incontrer\u00e0 giovani musicisti ed appassionati di musica e terr\u00e0 loro una lezione musicale inedita. \u201cChe questa maledetta notte dovr\u00e0 pur finire, perch\u00e9 la riempiremo noi da qui [&hellip;]","og_url":"https:\/\/sintoniehifi.it\/en\/","og_site_name":"Sintonie Audio Video Expo","article_publisher":"https:\/\/www.facebook.com\/SintonieHiEndVideoExhibition\/","article_modified_time":"2024-10-30T18:01:00+00:00","twitter_card":"summary_large_image","twitter_site":"@SintonieHiFi","twitter_misc":{"Est. reading time":"6 minutes"},"schema":{"@context":"https:\/\/schema.org","@graph":[{"@type":"WebPage","@id":"https:\/\/sintoniehifi.it\/en\/","url":"https:\/\/sintoniehifi.it\/en\/","name":"Home - Sintonie Audio Video Expo","isPartOf":{"@id":"https:\/\/sintoniehifi.it\/en\/#website"},"datePublished":"2017-05-10T14:45:19+00:00","dateModified":"2024-10-30T18:01:00+00:00","breadcrumb":{"@id":"https:\/\/sintoniehifi.it\/en\/#breadcrumb"},"inLanguage":"en-US","potentialAction":[{"@type":"ReadAction","target":["https:\/\/sintoniehifi.it\/en\/"]}]},{"@type":"BreadcrumbList","@id":"https:\/\/sintoniehifi.it\/en\/#breadcrumb","itemListElement":[{"@type":"ListItem","position":1,"name":"Home","item":"https:\/\/sintoniehifi.it\/en\/"},{"@type":"ListItem","position":2,"name":"Home"}]},{"@type":"WebSite","@id":"https:\/\/sintoniehifi.it\/en\/#website","url":"https:\/\/sintoniehifi.it\/en\/","name":"Sintonie Audio Video Expo","description":"","publisher":{"@id":"https:\/\/sintoniehifi.it\/en\/#organization"},"potentialAction":[{"@type":"SearchAction","target":{"@type":"EntryPoint","urlTemplate":"https:\/\/sintoniehifi.it\/en\/?s={search_term_string}"},"query-input":{"@type":"PropertyValueSpecification","valueRequired":true,"valueName":"search_term_string"}}],"inLanguage":"en-US"},{"@type":"Organization","@id":"https:\/\/sintoniehifi.it\/en\/#organization","name":"Sintonie Audio Video Expo","url":"https:\/\/sintoniehifi.it\/en\/","logo":{"@type":"ImageObject","inLanguage":"en-US","@id":"https:\/\/sintoniehifi.it\/en\/#\/schema\/logo\/image\/","url":"http:\/\/sintoniehifi.it\/wp-content\/uploads\/2023\/01\/logo.png","contentUrl":"http:\/\/sintoniehifi.it\/wp-content\/uploads\/2023\/01\/logo.png","width":88,"height":127,"caption":"Sintonie Audio Video Expo"},"image":{"@id":"https:\/\/sintoniehifi.it\/en\/#\/schema\/logo\/image\/"},"sameAs":["https:\/\/www.facebook.com\/SintonieHiEndVideoExhibition\/","https:\/\/x.com\/SintonieHiFi"]}]}},"_links":{"self":[{"href":"https:\/\/sintoniehifi.it\/en\/wp-json\/wp\/v2\/pages\/5335","targetHints":{"allow":["GET"]}}],"collection":[{"href":"https:\/\/sintoniehifi.it\/en\/wp-json\/wp\/v2\/pages"}],"about":[{"href":"https:\/\/sintoniehifi.it\/en\/wp-json\/wp\/v2\/types\/page"}],"author":[{"embeddable":true,"href":"https:\/\/sintoniehifi.it\/en\/wp-json\/wp\/v2\/users\/4"}],"replies":[{"embeddable":true,"href":"https:\/\/sintoniehifi.it\/en\/wp-json\/wp\/v2\/comments?post=5335"}],"version-history":[{"count":31,"href":"https:\/\/sintoniehifi.it\/en\/wp-json\/wp\/v2\/pages\/5335\/revisions"}],"predecessor-version":[{"id":5937,"href":"https:\/\/sintoniehifi.it\/en\/wp-json\/wp\/v2\/pages\/5335\/revisions\/5937"}],"wp:attachment":[{"href":"https:\/\/sintoniehifi.it\/en\/wp-json\/wp\/v2\/media?parent=5335"}],"curies":[{"name":"wp","href":"https:\/\/api.w.org\/{rel}","templated":true}]}}